{"id":1005,"date":"2023-12-23T14:33:19","date_gmt":"2023-12-23T14:33:19","guid":{"rendered":"https:\/\/www.akdenizyachting.com\/wp\/?page_id=1005"},"modified":"2025-01-15T17:04:22","modified_gmt":"2025-01-15T17:04:22","slug":"iletisim","status":"publish","type":"page","link":"https:\/\/www.akdenizyachting.com\/?page_id=1005&lang=tr","title":{"rendered":"\u0130leti\u015fim"},"content":{"rendered":"\t\t<div data-elementor-type=\"wp-page\" data-elementor-id=\"1005\" class=\"elementor elementor-1005\">\n\t\t\t\t\t\t<section data-particle_enable=\"false\" data-particle-mobile-disabled=\"false\" class=\"elementor-section elementor-top-section elementor-element elementor-element-6f861a2 elementor-section-height-min-height elementor-section-items-bottom elementor-section-boxed elementor-section-height-default\" data-id=\"6f861a2\" data-element_type=\"section\" data-settings=\"{&quot;background_background&quot;:&quot;classic&quot;,&quot;ekit_has_onepagescroll_dot&quot;:&quot;yes&quot;}\">\n\t\t\t\t\t\t<div class=\"elementor-container elementor-column-gap-default\">\n\t\t\t\t\t<div class=\"elementor-column elementor-col-100 elementor-top-column elementor-element elementor-element-606559f\" data-id=\"606559f\" data-element_type=\"column\">\n\t\t\t<div class=\"elementor-widget-wrap elementor-element-populated\">\n\t\t\t\t\t\t<div class=\"elementor-element elementor-element-1a1e942 elementor-widget elementor-widget-heading\" data-id=\"1a1e942\" data-element_type=\"widget\" data-settings=\"{&quot;ekit_we_effect_on&quot;:&quot;none&quot;}\" data-widget_type=\"heading.default\">\n\t\t\t\t<div class=\"elementor-widget-container\">\n\t\t\t\t\t<h2 class=\"elementor-heading-title elementor-size-default\">SEARCH RESULTS<\/h2>\t\t\t\t<\/div>\n\t\t\t\t<\/div>\n\t\t\t\t\t<\/div>\n\t\t<\/div>\n\t\t\t\t\t<\/div>\n\t\t<\/section>\n\t\t\t\t<section data-particle_enable=\"false\" data-particle-mobile-disabled=\"false\" class=\"elementor-section elementor-top-section elementor-element elementor-element-31ad7f8 elementor-section-boxed elementor-section-height-default elementor-section-height-default\" data-id=\"31ad7f8\" data-element_type=\"section\" data-settings=\"{&quot;ekit_has_onepagescroll_dot&quot;:&quot;yes&quot;}\">\n\t\t\t\t\t\t<div class=\"elementor-container elementor-column-gap-default\">\n\t\t\t\t\t<div class=\"elementor-column elementor-col-50 elementor-top-column elementor-element elementor-element-b1eb477\" data-id=\"b1eb477\" data-element_type=\"column\">\n\t\t\t<div class=\"elementor-widget-wrap elementor-element-populated\">\n\t\t\t\t\t\t<section data-particle_enable=\"false\" data-particle-mobile-disabled=\"false\" class=\"elementor-section elementor-inner-section elementor-element elementor-element-0dd681a elementor-section-boxed elementor-section-height-default elementor-section-height-default\" data-id=\"0dd681a\" data-element_type=\"section\" data-settings=\"{&quot;ekit_has_onepagescroll_dot&quot;:&quot;yes&quot;}\">\n\t\t\t\t\t\t<div class=\"elementor-container elementor-column-gap-default\">\n\t\t\t\t\t<div class=\"elementor-column elementor-col-100 elementor-inner-column elementor-element elementor-element-4dad8f1\" data-id=\"4dad8f1\" data-element_type=\"column\">\n\t\t\t<div class=\"elementor-widget-wrap elementor-element-populated\">\n\t\t\t\t\t\t<div class=\"elementor-element elementor-element-b3a15e8 elementor-widget elementor-widget-heading\" data-id=\"b3a15e8\" data-element_type=\"widget\" data-settings=\"{&quot;ekit_we_effect_on&quot;:&quot;none&quot;}\" data-widget_type=\"heading.default\">\n\t\t\t\t<div class=\"elementor-widget-container\">\n\t\t\t\t\t<h2 class=\"elementor-heading-title elementor-size-default\">\u0130leti\u015fim Bilgileri<br><br><\/h2>\t\t\t\t<\/div>\n\t\t\t\t<\/div>\n\t\t\t\t<div class=\"elementor-element elementor-element-dfde4b1 elementor-icon-list--layout-traditional elementor-list-item-link-full_width elementor-widget elementor-widget-icon-list\" data-id=\"dfde4b1\" data-element_type=\"widget\" data-settings=\"{&quot;ekit_we_effect_on&quot;:&quot;none&quot;}\" data-widget_type=\"icon-list.default\">\n\t\t\t\t<div class=\"elementor-widget-container\">\n\t\t\t\t\t\t\t<ul class=\"elementor-icon-list-items\">\n\t\t\t\t\t\t\t<li class=\"elementor-icon-list-item\">\n\t\t\t\t\t\t\t\t\t\t\t<span class=\"elementor-icon-list-icon\">\n\t\t\t\t\t\t\t<svg xmlns=\"http:\/\/www.w3.org\/2000\/svg\" xmlns:xlink=\"http:\/\/www.w3.org\/1999\/xlink\" id=\"Capa_1\" x=\"0px\" y=\"0px\" viewBox=\"0 0 512 512\" style=\"enable-background:new 0 0 512 512;\" xml:space=\"preserve\"><g>\t<g>\t\t<path d=\"M341.476,338.285c54.483-85.493,47.634-74.827,49.204-77.056C410.516,233.251,421,200.322,421,166   C421,74.98,347.139,0,256,0C165.158,0,91,74.832,91,166c0,34.3,10.704,68.091,31.19,96.446l48.332,75.84   C118.847,346.227,31,369.892,31,422c0,18.995,12.398,46.065,71.462,67.159C143.704,503.888,198.231,512,256,512   c108.025,0,225-30.472,225-90C481,369.883,393.256,346.243,341.476,338.285z M147.249,245.945   c-0.165-0.258-0.337-0.51-0.517-0.758C129.685,221.735,121,193.941,121,166c0-75.018,60.406-136,135-136   c74.439,0,135,61.009,135,136c0,27.986-8.521,54.837-24.646,77.671c-1.445,1.906,6.094-9.806-110.354,172.918L147.249,245.945z    M256,482c-117.994,0-195-34.683-195-60c0-17.016,39.568-44.995,127.248-55.901l55.102,86.463   c2.754,4.322,7.524,6.938,12.649,6.938s9.896-2.617,12.649-6.938l55.101-86.463C411.431,377.005,451,404.984,451,422   C451,447.102,374.687,482,256,482z\"><\/path>\t<\/g><\/g><g>\t<g>\t\t<path d=\"M256,91c-41.355,0-75,33.645-75,75s33.645,75,75,75c41.355,0,75-33.645,75-75S297.355,91,256,91z M256,211   c-24.813,0-45-20.187-45-45s20.187-45,45-45s45,20.187,45,45S280.813,211,256,211z\"><\/path>\t<\/g><\/g><g><\/g><g><\/g><g><\/g><g><\/g><g><\/g><g><\/g><g><\/g><g><\/g><g><\/g><g><\/g><g><\/g><g><\/g><g><\/g><g><\/g><g><\/g><\/svg>\t\t\t\t\t\t<\/span>\n\t\t\t\t\t\t\t\t\t\t<span class=\"elementor-icon-list-text\">G\u00fcmbet, Asarlik Mevkii, Adnan Menderes Cd. No: 89, 48400 Bodrum\/Mu\u011fla<\/span>\n\t\t\t\t\t\t\t\t\t<\/li>\n\t\t\t\t\t\t\t\t<li class=\"elementor-icon-list-item\">\n\t\t\t\t\t\t\t\t\t\t\t<span class=\"elementor-icon-list-icon\">\n\t\t\t\t\t\t\t<svg xmlns=\"http:\/\/www.w3.org\/2000\/svg\" id=\"Layer_1\" height=\"512\" viewBox=\"0 0 512 512\" width=\"512\" data-name=\"Layer 1\"><path d=\"m314.355 461.08a8 8 0 0 1 -8 8h-101.57a8 8 0 0 1 0-16h101.57a8 8 0 0 1 8 8zm91.02-416.91v423.67c0 24.35-21.59 44.16-48.12 44.16h-202.51c-26.54 0-48.12-19.81-48.12-44.16v-423.67c0-24.35 21.58-44.17 48.12-44.17h202.51c26.53 0 48.12 19.82 48.12 44.17zm-16 0c0-15.53-14.41-28.17-32.12-28.17h-47.57v17.49a8 8 0 0 1 -8 8h-96.67a8 8 0 0 1 -8-8v-17.49h-42.27c-17.72 0-32.12 12.64-32.12 28.17v423.67c0 15.53 14.4 28.16 32.12 28.16h202.51c17.71 0 32.12-12.63 32.12-28.16z\"><\/path><\/svg>\t\t\t\t\t\t<\/span>\n\t\t\t\t\t\t\t\t\t\t<span class=\"elementor-icon-list-text\">+90 530 081 7780<\/span>\n\t\t\t\t\t\t\t\t\t<\/li>\n\t\t\t\t\t\t\t\t<li class=\"elementor-icon-list-item\">\n\t\t\t\t\t\t\t\t\t\t\t<span class=\"elementor-icon-list-icon\">\n\t\t\t\t\t\t\t<svg xmlns=\"http:\/\/www.w3.org\/2000\/svg\" id=\"Layer_1\" height=\"512\" viewBox=\"0 0 512 512\" width=\"512\" data-name=\"Layer 1\"><path d=\"m499.509 83.651-.006-.007-.012-.01a40.863 40.863 0 0 0 -28.6-11.583h-429.781a40.87 40.87 0 0 0 -28.367 11.36l-.014.013-.008.007-.005.005-.009.01a40.719 40.719 0 0 0 -12.707 29.712v285.685a41.136 41.136 0 0 0 41.11 41.11h429.779a41.135 41.135 0 0 0 41.111-41.11v-285.685a40.768 40.768 0 0 0 -12.491-29.507zm-170.6 172.073 162.318-150.58a21.813 21.813 0 0 1 1.508 8.014v285.685a21.8 21.8 0 0 1 -1.5 7.969zm141.98-164.417a21.924 21.924 0 0 1 6.025.849l-220.746 204.782-116.55-108.117-104.258-96.734a21.942 21.942 0 0 1 5.75-.78zm-450.133 315.506a21.837 21.837 0 0 1 -1.5-7.97v-285.685a21.808 21.808 0 0 1 1.6-8.251l105.662 98.033 56.732 52.627zm20.354 13.88a21.871 21.871 0 0 1 -6.07-.862l162.369-151.131 52.21 48.433a9.632 9.632 0 0 0 13.1 0l52.038-48.275 162.2 150.974a21.91 21.91 0 0 1 -6.071.861z\"><\/path><\/svg>\t\t\t\t\t\t<\/span>\n\t\t\t\t\t\t\t\t\t\t<span class=\"elementor-icon-list-text\">info@akdenizyachting.com<\/span>\n\t\t\t\t\t\t\t\t\t<\/li>\n\t\t\t\t\t\t<\/ul>\n\t\t\t\t\t\t<\/div>\n\t\t\t\t<\/div>\n\t\t\t\t\t<\/div>\n\t\t<\/div>\n\t\t\t\t\t<\/div>\n\t\t<\/section>\n\t\t\t\t<div class=\"elementor-element elementor-element-9c1cde6 elementor-widget elementor-widget-google_maps\" data-id=\"9c1cde6\" data-element_type=\"widget\" data-settings=\"{&quot;ekit_we_effect_on&quot;:&quot;none&quot;}\" data-widget_type=\"google_maps.default\">\n\t\t\t\t<div class=\"elementor-widget-container\">\n\t\t\t\t\t\t\t<div class=\"elementor-custom-embed\">\n\t\t\t<iframe loading=\"lazy\"\n\t\t\t\t\tsrc=\"https:\/\/maps.google.com\/maps?q=Akdeniz%20yachting&#038;t=m&#038;z=10&#038;output=embed&#038;iwloc=near\"\n\t\t\t\t\ttitle=\"Akdeniz yachting\"\n\t\t\t\t\taria-label=\"Akdeniz yachting\"\n\t\t\t><\/iframe>\n\t\t<\/div>\n\t\t\t\t\t\t<\/div>\n\t\t\t\t<\/div>\n\t\t\t\t\t<\/div>\n\t\t<\/div>\n\t\t\t\t<div class=\"elementor-column elementor-col-50 elementor-top-column elementor-element elementor-element-acb02e9\" data-id=\"acb02e9\" data-element_type=\"column\">\n\t\t\t<div class=\"elementor-widget-wrap elementor-element-populated\">\n\t\t\t\t\t\t<section data-particle_enable=\"false\" data-particle-mobile-disabled=\"false\" class=\"elementor-section elementor-inner-section elementor-element elementor-element-6a3763a elementor-section-boxed elementor-section-height-default elementor-section-height-default\" data-id=\"6a3763a\" data-element_type=\"section\" data-settings=\"{&quot;ekit_has_onepagescroll_dot&quot;:&quot;yes&quot;}\">\n\t\t\t\t\t\t<div class=\"elementor-container elementor-column-gap-default\">\n\t\t\t\t\t<div class=\"elementor-column elementor-col-100 elementor-inner-column elementor-element elementor-element-1db5ee7\" data-id=\"1db5ee7\" data-element_type=\"column\">\n\t\t\t<div class=\"elementor-widget-wrap elementor-element-populated\">\n\t\t\t\t\t\t<div class=\"elementor-element elementor-element-aa3b9af elementor-widget elementor-widget-heading\" data-id=\"aa3b9af\" data-element_type=\"widget\" data-settings=\"{&quot;ekit_we_effect_on&quot;:&quot;none&quot;}\" data-widget_type=\"heading.default\">\n\t\t\t\t<div class=\"elementor-widget-container\">\n\t\t\t\t\t<h2 class=\"elementor-heading-title elementor-size-default\">\u0130leti\u015fim Formu<br><br><\/h2>\t\t\t\t<\/div>\n\t\t\t\t<\/div>\n\t\t\t\t<div class=\"elementor-element elementor-element-52e0b1b elementor-widget elementor-widget-heading\" data-id=\"52e0b1b\" data-element_type=\"widget\" data-settings=\"{&quot;ekit_we_effect_on&quot;:&quot;none&quot;}\" data-widget_type=\"heading.default\">\n\t\t\t\t<div class=\"elementor-widget-container\">\n\t\t\t\t\t<h2 class=\"elementor-heading-title elementor-size-default\">Bir sonraki tatiliniz i\u00e7in yat rezervasyonu yapmak ister misiniz?<br><br><\/h2>\t\t\t\t<\/div>\n\t\t\t\t<\/div>\n\t\t\t\t<div class=\"elementor-element elementor-element-067e508 elementor-widget elementor-widget-text-editor\" data-id=\"067e508\" data-element_type=\"widget\" data-settings=\"{&quot;ekit_we_effect_on&quot;:&quot;none&quot;}\" data-widget_type=\"text-editor.default\">\n\t\t\t\t<div class=\"elementor-widget-container\">\n\t\t\t\t\t\t\t\t\t<p>Herhangi bir yat i\u00e7in ki\u015fiselle\u015ftirilmi\u015f bir fiyat teklifi talep etmek i\u00e7in bizi araman\u0131z veya e-posta adresimiz \u00fczerinden bizimle ileti\u015fime ge\u00e7meniz yeterlidir. Ekip uzmanlar\u0131m\u0131z gerisini sizin i\u00e7in halledecektir!<\/p>\t\t\t\t\t\t\t\t<\/div>\n\t\t\t\t<\/div>\n\t\t\t\t<div class=\"elementor-element elementor-element-927b019 elementor-widget elementor-widget-template\" data-id=\"927b019\" data-element_type=\"widget\" data-settings=\"{&quot;ekit_we_effect_on&quot;:&quot;none&quot;}\" data-widget_type=\"template.default\">\n\t\t\t\t<div class=\"elementor-widget-container\">\n\t\t\t\t\t \t\t\t\t<\/div>\n\t\t\t\t<\/div>\n\t\t\t\t\t<\/div>\n\t\t<\/div>\n\t\t\t\t\t<\/div>\n\t\t<\/section>\n\t\t\t\t\t<\/div>\n\t\t<\/div>\n\t\t\t\t\t<\/div>\n\t\t<\/section>\n\t\t\t\t<section data-particle_enable=\"false\" data-particle-mobile-disabled=\"false\" class=\"elementor-section elementor-top-section elementor-element elementor-element-be6f10d elementor-section-boxed elementor-section-height-default elementor-section-height-default\" data-id=\"be6f10d\" data-element_type=\"section\" data-settings=\"{&quot;background_background&quot;:&quot;classic&quot;,&quot;ekit_has_onepagescroll_dot&quot;:&quot;yes&quot;}\">\n\t\t\t\t\t\t<div class=\"elementor-container elementor-column-gap-default\">\n\t\t\t\t\t<div class=\"elementor-column elementor-col-100 elementor-top-column elementor-element elementor-element-dd348eb\" data-id=\"dd348eb\" data-element_type=\"column\">\n\t\t\t<div class=\"elementor-widget-wrap elementor-element-populated\">\n\t\t\t\t\t\t<div class=\"elementor-element elementor-element-c2c4594 elementor-widget elementor-widget-spacer\" data-id=\"c2c4594\" data-element_type=\"widget\" data-settings=\"{&quot;ekit_we_effect_on&quot;:&quot;none&quot;}\" data-widget_type=\"spacer.default\">\n\t\t\t\t<div class=\"elementor-widget-container\">\n\t\t\t\t\t\t\t<div class=\"elementor-spacer\">\n\t\t\t<div class=\"elementor-spacer-inner\"><\/div>\n\t\t<\/div>\n\t\t\t\t\t\t<\/div>\n\t\t\t\t<\/div>\n\t\t\t\t\t<\/div>\n\t\t<\/div>\n\t\t\t\t\t<\/div>\n\t\t<\/section>\n\t\t\t\t<\/div>\n\t\t","protected":false},"excerpt":{"rendered":"<p>\u0130leti\u015fim Bilgileri G\u00fcmbet, Asarlik Mevkii, Adnan Menderes Cd. No: 89, 48400 Bodrum\/Mu\u011fla +90 530 081 7780 info@akdenizyachting.com \u0130leti\u015fim Formu Bir sonraki tatiliniz i\u00e7in yat rezervasyonu yapmak ister misiniz? Herhangi bir yat i\u00e7in ki\u015fiselle\u015ftirilmi\u015f bir fiyat teklifi talep etmek i\u00e7in bizi araman\u0131z veya e-posta adresimiz \u00fczerinden bizimle ileti\u015fime ge\u00e7meniz yeterlidir. Ekip uzmanlar\u0131m\u0131z gerisini sizin i\u00e7in halledecektir!<\/p>\n","protected":false},"author":2,"featured_media":0,"parent":0,"menu_order":0,"comment_status":"closed","ping_status":"closed","template":"elementor_header_footer","meta":{"footnotes":""},"class_list":["post-1005","page","type-page","status-publish","hentry"],"lang":"tr","translations":{"tr":1005,"en":28},"pll_sync_post":[],"_links":{"self":[{"href":"https:\/\/www.akdenizyachting.com\/index.php?rest_route=\/wp\/v2\/pages\/1005","targetHints":{"allow":["GET"]}}],"collection":[{"href":"https:\/\/www.akdenizyachting.com\/index.php?rest_route=\/wp\/v2\/pages"}],"about":[{"href":"https:\/\/www.akdenizyachting.com\/index.php?rest_route=\/wp\/v2\/types\/page"}],"author":[{"embeddable":true,"href":"https:\/\/www.akdenizyachting.com\/index.php?rest_route=\/wp\/v2\/users\/2"}],"replies":[{"embeddable":true,"href":"https:\/\/www.akdenizyachting.com\/index.php?rest_route=%2Fwp%2Fv2%2Fcomments&post=1005"}],"version-history":[{"count":31,"href":"https:\/\/www.akdenizyachting.com\/index.php?rest_route=\/wp\/v2\/pages\/1005\/revisions"}],"predecessor-version":[{"id":4288,"href":"https:\/\/www.akdenizyachting.com\/index.php?rest_route=\/wp\/v2\/pages\/1005\/revisions\/4288"}],"wp:attachment":[{"href":"https:\/\/www.akdenizyachting.com\/index.php?rest_route=%2Fwp%2Fv2%2Fmedia&parent=1005"}],"curies":[{"name":"wp","href":"https:\/\/api.w.org\/{rel}","templated":true}]}}