{"id":994,"date":"2023-12-23T14:21:40","date_gmt":"2023-12-23T14:21:40","guid":{"rendered":"https:\/\/www.akdenizyachting.com\/wp\/?page_id=994"},"modified":"2024-12-14T19:00:20","modified_gmt":"2024-12-14T19:00:20","slug":"hakkimizda","status":"publish","type":"page","link":"https:\/\/www.akdenizyachting.com\/?page_id=994&lang=tr","title":{"rendered":"Hakk\u0131m\u0131zda"},"content":{"rendered":"\t\t<div data-elementor-type=\"wp-page\" data-elementor-id=\"994\" class=\"elementor elementor-994\">\n\t\t\t\t\t\t<section data-particle_enable=\"false\" data-particle-mobile-disabled=\"false\" class=\"elementor-section elementor-top-section elementor-element elementor-element-d5eaf11 elementor-section-height-min-height elementor-section-items-bottom elementor-section-boxed elementor-section-height-default\" data-id=\"d5eaf11\" data-element_type=\"section\" data-settings=\"{&quot;background_background&quot;:&quot;classic&quot;,&quot;ekit_has_onepagescroll_dot&quot;:&quot;yes&quot;}\">\n\t\t\t\t\t\t<div class=\"elementor-container elementor-column-gap-default\">\n\t\t\t\t\t<div class=\"elementor-column elementor-col-100 elementor-top-column elementor-element elementor-element-286a32b\" data-id=\"286a32b\" data-element_type=\"column\">\n\t\t\t<div class=\"elementor-widget-wrap elementor-element-populated\">\n\t\t\t\t\t\t<div class=\"elementor-element elementor-element-b49a709 elementor-widget elementor-widget-heading\" data-id=\"b49a709\" data-element_type=\"widget\" data-settings=\"{&quot;ekit_we_effect_on&quot;:&quot;none&quot;}\" data-widget_type=\"heading.default\">\n\t\t\t\t<div class=\"elementor-widget-container\">\n\t\t\t\t\t<h2 class=\"elementor-heading-title elementor-size-default\">SEARCH RESULTS<\/h2>\t\t\t\t<\/div>\n\t\t\t\t<\/div>\n\t\t\t\t\t<\/div>\n\t\t<\/div>\n\t\t\t\t\t<\/div>\n\t\t<\/section>\n\t\t\t\t<section data-particle_enable=\"false\" data-particle-mobile-disabled=\"false\" class=\"elementor-section elementor-top-section elementor-element elementor-element-b34d013 elementor-section-boxed elementor-section-height-default elementor-section-height-default\" data-id=\"b34d013\" data-element_type=\"section\" data-settings=\"{&quot;ekit_has_onepagescroll_dot&quot;:&quot;yes&quot;}\">\n\t\t\t\t\t\t<div class=\"elementor-container elementor-column-gap-default\">\n\t\t\t\t\t<div class=\"elementor-column elementor-col-100 elementor-top-column elementor-element elementor-element-0ae00f0\" data-id=\"0ae00f0\" data-element_type=\"column\">\n\t\t\t<div class=\"elementor-widget-wrap elementor-element-populated\">\n\t\t\t\t\t\t<div class=\"elementor-element elementor-element-c0267d9 elementor-widget elementor-widget-text-editor\" data-id=\"c0267d9\" data-element_type=\"widget\" data-settings=\"{&quot;ekit_we_effect_on&quot;:&quot;none&quot;}\" data-widget_type=\"text-editor.default\">\n\t\t\t\t<div class=\"elementor-widget-container\">\n\t\t\t\t\t\t\t\t\t<p>Akdeniz Yat\u00e7\u0131l\u0131k, 2022 y\u0131l\u0131ndan bu yana yat kiralama hizmetleri sunmaktad\u0131r. Bodrum, T\u00fcrkiye merkezli olan firmam\u0131z, T\u00fcrkiye&#8217;nin Ege k\u0131y\u0131lar\u0131 ve yak\u0131nlardaki Yunan Adalar\u0131 boyunca unutulmaz mavi turlar d\u00fczenlemektedir.<\/p><p>Amac\u0131m\u0131z, d\u00fcnyan\u0131n en \u00e7ok tercih edilen yelken rotalar\u0131ndan biri olan Ege Denizi&#8217;nde, hem T\u00fcrkiye k\u0131y\u0131lar\u0131nda hem de Yunan Adalar\u0131&#8217;nda benzersiz ve unutulmaz bir deneyim sunmakt\u0131r. T\u00fcrkiye&#8217;nin g\u00fczel sahillerinde ya da Yunan Adalar\u0131&#8217;nda yapaca\u011f\u0131n\u0131z seyahatiniz, ger\u00e7ekten \u00f6zel olacakt\u0131r.<\/p><p>&#8220;T\u00fcrkiye&#8217;nin Ege k\u0131y\u0131lar\u0131nda &#8216;mavi turlar&#8217; konusunda uzmanla\u015fm\u0131\u015f olup, Yunan Adalar\u0131&#8217;na yapaca\u011f\u0131n\u0131z yolculu\u011fun her detay\u0131n\u0131 da d\u00fczenlemekteyiz.&#8221;<\/p><p>Akdeniz Yat\u00e7\u0131l\u0131k olarak m\u00fc\u015fteri memnuniyeti bizim i\u00e7in en \u00f6nemli \u00f6nceliktir. Her ayr\u0131nt\u0131y\u0131 titizlikle planlayarak, size kusursuz ve keyifli bir deneyim sunmak i\u00e7in \u00e7aba g\u00f6steriyoruz.<\/p>\t\t\t\t\t\t\t\t<\/div>\n\t\t\t\t<\/div>\n\t\t\t\t\t<\/div>\n\t\t<\/div>\n\t\t\t\t\t<\/div>\n\t\t<\/section>\n\t\t\t\t<section data-particle_enable=\"false\" data-particle-mobile-disabled=\"false\" class=\"elementor-section elementor-top-section elementor-element elementor-element-c01b18d elementor-section-boxed elementor-section-height-default elementor-section-height-default\" data-id=\"c01b18d\" data-element_type=\"section\" data-settings=\"{&quot;ekit_has_onepagescroll_dot&quot;:&quot;yes&quot;}\">\n\t\t\t\t\t\t<div class=\"elementor-container elementor-column-gap-default\">\n\t\t\t\t\t<div class=\"elementor-column elementor-col-100 elementor-top-column elementor-element elementor-element-9099df9\" data-id=\"9099df9\" data-element_type=\"column\">\n\t\t\t<div class=\"elementor-widget-wrap elementor-element-populated\">\n\t\t\t\t\t\t<section data-particle_enable=\"false\" data-particle-mobile-disabled=\"false\" class=\"elementor-section elementor-inner-section elementor-element elementor-element-5ea3901 elementor-section-boxed elementor-section-height-default elementor-section-height-default\" data-id=\"5ea3901\" data-element_type=\"section\" data-settings=\"{&quot;ekit_has_onepagescroll_dot&quot;:&quot;yes&quot;}\">\n\t\t\t\t\t\t<div class=\"elementor-container elementor-column-gap-default\">\n\t\t\t\t\t<div class=\"elementor-column elementor-col-50 elementor-inner-column elementor-element elementor-element-9f7d56a\" data-id=\"9f7d56a\" data-element_type=\"column\">\n\t\t\t<div class=\"elementor-widget-wrap elementor-element-populated\">\n\t\t\t\t\t\t<div class=\"elementor-element elementor-element-d640102 elementor-widget elementor-widget-heading\" data-id=\"d640102\" data-element_type=\"widget\" data-settings=\"{&quot;ekit_we_effect_on&quot;:&quot;none&quot;}\" data-widget_type=\"heading.default\">\n\t\t\t\t<div class=\"elementor-widget-container\">\n\t\t\t\t\t<h2 class=\"elementor-heading-title elementor-size-default\">Bir sonraki tatiliniz i\u00e7in yat rezervasyonu yapmak ister misiniz?<br>\n<\/h2>\t\t\t\t<\/div>\n\t\t\t\t<\/div>\n\t\t\t\t<div class=\"elementor-element elementor-element-b60921f elementor-widget elementor-widget-text-editor\" data-id=\"b60921f\" data-element_type=\"widget\" data-settings=\"{&quot;ekit_we_effect_on&quot;:&quot;none&quot;}\" data-widget_type=\"text-editor.default\">\n\t\t\t\t<div class=\"elementor-widget-container\">\n\t\t\t\t\t\t\t\t\t<p>\u00a0<\/p><p>Herhangi bir yat i\u00e7in ki\u015fiselle\u015ftirilmi\u015f bir fiyat teklifi talep etmek i\u00e7in bizim araman\u0131z veya e-posta adresimiz \u00fczerinden bizimle ileti\u015fime ge\u00e7meniz yeterlidir. Ekip uzmanlar\u0131m\u0131z gerisini sizin i\u00e7in halledecektir!<\/p>\t\t\t\t\t\t\t\t<\/div>\n\t\t\t\t<\/div>\n\t\t\t\t\t<\/div>\n\t\t<\/div>\n\t\t\t\t<div class=\"elementor-column elementor-col-50 elementor-inner-column elementor-element elementor-element-59ae667\" data-id=\"59ae667\" data-element_type=\"column\">\n\t\t\t<div class=\"elementor-widget-wrap\">\n\t\t\t\t\t\t\t<\/div>\n\t\t<\/div>\n\t\t\t\t\t<\/div>\n\t\t<\/section>\n\t\t\t\t<div class=\"elementor-element elementor-element-9fbe4ae elementor-widget elementor-widget-template\" data-id=\"9fbe4ae\" data-element_type=\"widget\" data-settings=\"{&quot;ekit_we_effect_on&quot;:&quot;none&quot;}\" data-widget_type=\"template.default\">\n\t\t\t\t<div class=\"elementor-widget-container\">\n\t\t\t\t\t \t\t\t\t<\/div>\n\t\t\t\t<\/div>\n\t\t\t\t\t<\/div>\n\t\t<\/div>\n\t\t\t\t\t<\/div>\n\t\t<\/section>\n\t\t\t\t<section data-particle_enable=\"false\" data-particle-mobile-disabled=\"false\" class=\"elementor-section elementor-top-section elementor-element elementor-element-78c18ef elementor-section-boxed elementor-section-height-default elementor-section-height-default\" data-id=\"78c18ef\" data-element_type=\"section\" data-settings=\"{&quot;background_background&quot;:&quot;classic&quot;,&quot;ekit_has_onepagescroll_dot&quot;:&quot;yes&quot;}\">\n\t\t\t\t\t\t<div class=\"elementor-container elementor-column-gap-default\">\n\t\t\t\t\t<div class=\"elementor-column elementor-col-100 elementor-top-column elementor-element elementor-element-e8d0784\" data-id=\"e8d0784\" data-element_type=\"column\">\n\t\t\t<div class=\"elementor-widget-wrap elementor-element-populated\">\n\t\t\t\t\t\t<div class=\"elementor-element elementor-element-bf5e925 elementor-widget elementor-widget-spacer\" data-id=\"bf5e925\" data-element_type=\"widget\" data-settings=\"{&quot;ekit_we_effect_on&quot;:&quot;none&quot;}\" data-widget_type=\"spacer.default\">\n\t\t\t\t<div class=\"elementor-widget-container\">\n\t\t\t\t\t\t\t<div class=\"elementor-spacer\">\n\t\t\t<div class=\"elementor-spacer-inner\"><\/div>\n\t\t<\/div>\n\t\t\t\t\t\t<\/div>\n\t\t\t\t<\/div>\n\t\t\t\t\t<\/div>\n\t\t<\/div>\n\t\t\t\t\t<\/div>\n\t\t<\/section>\n\t\t\t\t<\/div>\n\t\t","protected":false},"excerpt":{"rendered":"<p>Akdeniz Yat\u00e7\u0131l\u0131k, 2022 y\u0131l\u0131ndan bu yana yat kiralama hizmetleri sunmaktad\u0131r. Bodrum, T\u00fcrkiye merkezli olan firmam\u0131z, T\u00fcrkiye&#8217;nin Ege k\u0131y\u0131lar\u0131 ve yak\u0131nlardaki Yunan Adalar\u0131 boyunca unutulmaz mavi turlar d\u00fczenlemektedir. Amac\u0131m\u0131z, d\u00fcnyan\u0131n en \u00e7ok tercih edilen yelken rotalar\u0131ndan biri olan Ege Denizi&#8217;nde, hem T\u00fcrkiye k\u0131y\u0131lar\u0131nda hem de Yunan Adalar\u0131&#8217;nda benzersiz ve unutulmaz bir deneyim sunmakt\u0131r. T\u00fcrkiye&#8217;nin g\u00fczel sahillerinde [&hellip;]<\/p>\n","protected":false},"author":2,"featured_media":0,"parent":0,"menu_order":0,"comment_status":"closed","ping_status":"closed","template":"elementor_header_footer","meta":{"footnotes":""},"class_list":["post-994","page","type-page","status-publish","hentry"],"lang":"tr","translations":{"tr":994,"en":16},"pll_sync_post":[],"_links":{"self":[{"href":"https:\/\/www.akdenizyachting.com\/index.php?rest_route=\/wp\/v2\/pages\/994","targetHints":{"allow":["GET"]}}],"collection":[{"href":"https:\/\/www.akdenizyachting.com\/index.php?rest_route=\/wp\/v2\/pages"}],"about":[{"href":"https:\/\/www.akdenizyachting.com\/index.php?rest_route=\/wp\/v2\/types\/page"}],"author":[{"embeddable":true,"href":"https:\/\/www.akdenizyachting.com\/index.php?rest_route=\/wp\/v2\/users\/2"}],"replies":[{"embeddable":true,"href":"https:\/\/www.akdenizyachting.com\/index.php?rest_route=%2Fwp%2Fv2%2Fcomments&post=994"}],"version-history":[{"count":28,"href":"https:\/\/www.akdenizyachting.com\/index.php?rest_route=\/wp\/v2\/pages\/994\/revisions"}],"predecessor-version":[{"id":4205,"href":"https:\/\/www.akdenizyachting.com\/index.php?rest_route=\/wp\/v2\/pages\/994\/revisions\/4205"}],"wp:attachment":[{"href":"https:\/\/www.akdenizyachting.com\/index.php?rest_route=%2Fwp%2Fv2%2Fmedia&parent=994"}],"curies":[{"name":"wp","href":"https:\/\/api.w.org\/{rel}","templated":true}]}}